{"id":1170,"date":"2021-08-29T14:54:09","date_gmt":"2021-08-29T14:54:09","guid":{"rendered":"https:\/\/www.theaterniemandsland.ch\/?page_id=1170"},"modified":"2024-01-16T16:29:48","modified_gmt":"2024-01-16T16:29:48","slug":"texte","status":"publish","type":"page","link":"https:\/\/www.theaterniemandsland.ch\/ar\/texte\/","title":{"rendered":"\u0646\u0635\u0648\u0635"},"content":{"rendered":"<p><\/p>\n\n\n\n<div class=\"wp-block-query alignfull is-layout-flow wp-block-query-is-layout-flow\">\n<div class=\"wp-block-group alignfull is-content-justification-center is-nowrap is-layout-flex wp-container-core-group-is-layout-3374db29 wp-block-group-is-layout-flex\" style=\"padding-top:var(--wp--preset--spacing--40);padding-right:var(--wp--preset--spacing--40);padding-bottom:var(--wp--preset--spacing--40);padding-left:var(--wp--preset--spacing--40)\"><ul style=\"text-transform:none;\" class=\"wp-block-post-template is-layout-flow wp-block-post-template-is-layout-flow\"><li class=\"wp-block-post post-1192 post type-post status-publish format-standard has-post-thumbnail hentry category-texte\">\n\n<div class=\"wp-block-group has-global-padding is-content-justification-left is-layout-constrained wp-container-core-group-is-layout-177c594d wp-block-group-is-layout-constrained\">\n<div class=\"wp-block-group is-vertical is-layout-flex wp-container-core-group-is-layout-cedeea28 wp-block-group-is-layout-flex\" style=\"padding-bottom:var(--wp--preset--spacing--80)\">\n<div class=\"wp-block-group has-global-padding is-layout-constrained wp-block-group-is-layout-constrained\" style=\"margin-top:0;margin-bottom:0\"><figure class=\"wp-block-post-featured-image\"><img loading=\"lazy\" decoding=\"async\" width=\"972\" height=\"648\" src=\"https:\/\/www.theaterniemandsland.ch\/wp-content\/uploads\/2021\/08\/16422311_10211810769285457_4017113865521461496_o.jpg\" class=\"attachment-post-thumbnail size-post-thumbnail wp-post-image\" alt=\"\" style=\"border-radius:4px;object-fit:cover;\" srcset=\"https:\/\/www.theaterniemandsland.ch\/wp-content\/uploads\/2021\/08\/16422311_10211810769285457_4017113865521461496_o.jpg 972w, https:\/\/www.theaterniemandsland.ch\/wp-content\/uploads\/2021\/08\/16422311_10211810769285457_4017113865521461496_o-300x200.jpg 300w, https:\/\/www.theaterniemandsland.ch\/wp-content\/uploads\/2021\/08\/16422311_10211810769285457_4017113865521461496_o-768x512.jpg 768w\" sizes=\"auto, (max-width: 972px) 100vw, 972px\" \/><\/figure>\n\n<h2 style=\"font-size:clamp(2.46rem, 2.46rem + ((1vw - 0.2rem) * 3.567), 4.6rem);font-style:normal;font-weight:600;line-height:1;\" class=\"has-link-color wp-elements-6c63676d444148112043a3d23d59cf70 wp-block-post-title has-text-color has-contrast-color\"><a href=\"https:\/\/www.theaterniemandsland.ch\/ar\/misinsterin-der-unsicherheit\/\" target=\"_self\" >Misinsterin der Unsicherheit<\/a><\/h2>\n\n<div style=\"line-height:1.7;\" class=\"wp-block-post-excerpt has-small-font-size\"><p class=\"wp-block-post-excerpt__excerpt\">Liebi B\u00fcrger und B\u00fcrgerinneNa, wie geits \u00f6ich h\u00fct? F\u00fcelet dr \u00f6ich geng no in Sicherheit? Oder heit dr dr \u00c4rnscht vor Lag scho begriffe? D Gfahr luuret unger und zw\u00fcsche us. Du ch\u00f6nntsch eine vo den\u00e4 si, oder du, oder du. Zum mi vor n\u00f6i\u00e4 Idee z sch\u00fctze, leg\u00e4 ig mir lieber e heum a&hellip; <\/p><\/div><\/div>\n<\/div>\n<\/div>\n\n<\/li><li class=\"wp-block-post post-1189 post type-post status-publish format-standard has-post-thumbnail hentry category-texte\">\n\n<div class=\"wp-block-group has-global-padding is-content-justification-left is-layout-constrained wp-container-core-group-is-layout-177c594d wp-block-group-is-layout-constrained\">\n<div class=\"wp-block-group is-vertical is-layout-flex wp-container-core-group-is-layout-cedeea28 wp-block-group-is-layout-flex\" style=\"padding-bottom:var(--wp--preset--spacing--80)\">\n<div class=\"wp-block-group has-global-padding is-layout-constrained wp-block-group-is-layout-constrained\" style=\"margin-top:0;margin-bottom:0\"><figure class=\"wp-block-post-featured-image\"><img loading=\"lazy\" decoding=\"async\" width=\"2048\" height=\"1365\" src=\"https:\/\/www.theaterniemandsland.ch\/wp-content\/uploads\/2021\/08\/3fcb272e-19780541_1981440898745185_7516625850979049786_o.jpg\" class=\"attachment-post-thumbnail size-post-thumbnail wp-post-image\" alt=\"\" style=\"border-radius:4px;object-fit:cover;\" srcset=\"https:\/\/www.theaterniemandsland.ch\/wp-content\/uploads\/2021\/08\/3fcb272e-19780541_1981440898745185_7516625850979049786_o.jpg 2048w, https:\/\/www.theaterniemandsland.ch\/wp-content\/uploads\/2021\/08\/3fcb272e-19780541_1981440898745185_7516625850979049786_o-300x200.jpg 300w, https:\/\/www.theaterniemandsland.ch\/wp-content\/uploads\/2021\/08\/3fcb272e-19780541_1981440898745185_7516625850979049786_o-1024x683.jpg 1024w, https:\/\/www.theaterniemandsland.ch\/wp-content\/uploads\/2021\/08\/3fcb272e-19780541_1981440898745185_7516625850979049786_o-768x512.jpg 768w, https:\/\/www.theaterniemandsland.ch\/wp-content\/uploads\/2021\/08\/3fcb272e-19780541_1981440898745185_7516625850979049786_o-1536x1024.jpg 1536w\" sizes=\"auto, (max-width: 2048px) 100vw, 2048px\" \/><\/figure>\n\n<h2 style=\"font-size:clamp(2.46rem, 2.46rem + ((1vw - 0.2rem) * 3.567), 4.6rem);font-style:normal;font-weight:600;line-height:1;\" class=\"has-link-color wp-elements-6c63676d444148112043a3d23d59cf70 wp-block-post-title has-text-color has-contrast-color\"><a href=\"https:\/\/www.theaterniemandsland.ch\/ar\/ich-werde-endlich-ein-kuenstler\/\" target=\"_self\" >Ich werde endlich ein K\u00fcnstler<\/a><\/h2>\n\n<div style=\"line-height:1.7;\" class=\"wp-block-post-excerpt has-small-font-size\"><p class=\"wp-block-post-excerpt__excerpt\">Ich werde endlich ein K\u00fcnstler Text : Davide Maniscalco Ich werde endlich ein K\u00fcnstler.Tagein, Nacht aus.Abends gegen sieben Uhr werde ich Yoga trainieren, eine halbe Stunde meditieren und anschliessend ein Chinotto in meiner Lieblingsbar trinken.In BerlinIm Auge des Sturmes.Ich werde filmen,sch\u00f6n ruhig den unsichtbaren, fl\u00fcchtigen Moment des Alltags filmen.Dokumentieren.Viele glauben, sie leben die Gegenwart.Sie k\u00f6nnen&hellip; <\/p><\/div><\/div>\n<\/div>\n<\/div>\n\n<\/li><li class=\"wp-block-post post-1186 post type-post status-publish format-standard has-post-thumbnail hentry category-texte\">\n\n<div class=\"wp-block-group has-global-padding is-content-justification-left is-layout-constrained wp-container-core-group-is-layout-177c594d wp-block-group-is-layout-constrained\">\n<div class=\"wp-block-group is-vertical is-layout-flex wp-container-core-group-is-layout-cedeea28 wp-block-group-is-layout-flex\" style=\"padding-bottom:var(--wp--preset--spacing--80)\">\n<div class=\"wp-block-group has-global-padding is-layout-constrained wp-block-group-is-layout-constrained\" style=\"margin-top:0;margin-bottom:0\"><figure class=\"wp-block-post-featured-image\"><img loading=\"lazy\" decoding=\"async\" width=\"1536\" height=\"2048\" src=\"https:\/\/www.theaterniemandsland.ch\/wp-content\/uploads\/2021\/08\/54525059_10157054100293834_4616367000204083200_o.jpg\" class=\"attachment-post-thumbnail size-post-thumbnail wp-post-image\" alt=\"\" style=\"border-radius:4px;object-fit:cover;\" srcset=\"https:\/\/www.theaterniemandsland.ch\/wp-content\/uploads\/2021\/08\/54525059_10157054100293834_4616367000204083200_o.jpg 1536w, https:\/\/www.theaterniemandsland.ch\/wp-content\/uploads\/2021\/08\/54525059_10157054100293834_4616367000204083200_o-225x300.jpg 225w, https:\/\/www.theaterniemandsland.ch\/wp-content\/uploads\/2021\/08\/54525059_10157054100293834_4616367000204083200_o-768x1024.jpg 768w, https:\/\/www.theaterniemandsland.ch\/wp-content\/uploads\/2021\/08\/54525059_10157054100293834_4616367000204083200_o-1152x1536.jpg 1152w\" sizes=\"auto, (max-width: 1536px) 100vw, 1536px\" \/><\/figure>\n\n<h2 style=\"font-size:clamp(2.46rem, 2.46rem + ((1vw - 0.2rem) * 3.567), 4.6rem);font-style:normal;font-weight:600;line-height:1;\" class=\"has-link-color wp-elements-6c63676d444148112043a3d23d59cf70 wp-block-post-title has-text-color has-contrast-color\"><a href=\"https:\/\/www.theaterniemandsland.ch\/ar\/hassen-und-lieben\/\" target=\"_self\" >Hassen und Lieben<\/a><\/h2>\n\n<div style=\"line-height:1.7;\" class=\"wp-block-post-excerpt has-small-font-size\"><p class=\"wp-block-post-excerpt__excerpt\">Home Szene 1. Die Einf\u00fchrungDer Text wird auf Arabisch von Muud gesprochen und auf Deutsch von einer Dolmetscherin \u00a0\u201elive \u00fcbersetzt\u201c. Muud und die Dolmetscherin kommen gleichzeitig auf die B\u00fchne.Hassen ist viel einfacher als lieben.Wenn du einen Feind hast, das macht das Leben schnell klar und alles wird eingeordnet, dann wei\u00dft du wo die grossen Probleme&hellip; <\/p><\/div><\/div>\n<\/div>\n<\/div>\n\n<\/li><li class=\"wp-block-post post-1184 post type-post status-publish format-standard has-post-thumbnail hentry category-texte\">\n\n<div class=\"wp-block-group has-global-padding is-content-justification-left is-layout-constrained wp-container-core-group-is-layout-177c594d wp-block-group-is-layout-constrained\">\n<div class=\"wp-block-group is-vertical is-layout-flex wp-container-core-group-is-layout-cedeea28 wp-block-group-is-layout-flex\" style=\"padding-bottom:var(--wp--preset--spacing--80)\">\n<div class=\"wp-block-group has-global-padding is-layout-constrained wp-block-group-is-layout-constrained\" style=\"margin-top:0;margin-bottom:0\"><figure class=\"wp-block-post-featured-image\"><img loading=\"lazy\" decoding=\"async\" width=\"2560\" height=\"1440\" src=\"https:\/\/www.theaterniemandsland.ch\/wp-content\/uploads\/2021\/08\/verso-190926-7973-scaled.jpg\" class=\"attachment-post-thumbnail size-post-thumbnail wp-post-image\" alt=\"\" style=\"border-radius:4px;object-fit:cover;\" srcset=\"https:\/\/www.theaterniemandsland.ch\/wp-content\/uploads\/2021\/08\/verso-190926-7973-scaled.jpg 2560w, https:\/\/www.theaterniemandsland.ch\/wp-content\/uploads\/2021\/08\/verso-190926-7973-300x169.jpg 300w, https:\/\/www.theaterniemandsland.ch\/wp-content\/uploads\/2021\/08\/verso-190926-7973-1024x576.jpg 1024w, https:\/\/www.theaterniemandsland.ch\/wp-content\/uploads\/2021\/08\/verso-190926-7973-768x432.jpg 768w, https:\/\/www.theaterniemandsland.ch\/wp-content\/uploads\/2021\/08\/verso-190926-7973-1536x864.jpg 1536w, https:\/\/www.theaterniemandsland.ch\/wp-content\/uploads\/2021\/08\/verso-190926-7973-2048x1152.jpg 2048w\" sizes=\"auto, (max-width: 2560px) 100vw, 2560px\" \/><\/figure>\n\n<h2 style=\"font-size:clamp(2.46rem, 2.46rem + ((1vw - 0.2rem) * 3.567), 4.6rem);font-style:normal;font-weight:600;line-height:1;\" class=\"has-link-color wp-elements-6c63676d444148112043a3d23d59cf70 wp-block-post-title has-text-color has-contrast-color\"><a href=\"https:\/\/www.theaterniemandsland.ch\/ar\/kann-ich\/\" target=\"_self\" >Kann ich<\/a><\/h2>\n\n<div style=\"line-height:1.7;\" class=\"wp-block-post-excerpt has-small-font-size\"><p class=\"wp-block-post-excerpt__excerpt\">Kann ich, ich selber bleiben? Darf ich?Ich mich auf meine Werte freuen?Auf das, was mir wichtig ist, freuen?Auf meine Seelen-R\u00e4ume freuen?Mein gesundes, friedliches, langsames Lebenstempo geniessen?Auf mein effizientes Arbeitsknowhow z\u00e4hlen?Auf mein nicht konsum-orientiertes Leben freuen?Mich retten?Meine Lieblingss\u00e4ngerin retten?Meine Lieblingsgeschichte retten?Meine Familie retten?Wie lang bleibe ich ein Gefangener,unsichtbar,unh\u00f6rbar,vergessener,ein unerw\u00fcnschter Gast?Eine Geisel der PolitikEin Gebet im Rosenkranz&hellip; <\/p><\/div><\/div>\n<\/div>\n<\/div>\n\n<\/li><li class=\"wp-block-post post-1172 post type-post status-publish format-standard has-post-thumbnail hentry category-texte\">\n\n<div class=\"wp-block-group has-global-padding is-content-justification-left is-layout-constrained wp-container-core-group-is-layout-177c594d wp-block-group-is-layout-constrained\">\n<div class=\"wp-block-group is-vertical is-layout-flex wp-container-core-group-is-layout-cedeea28 wp-block-group-is-layout-flex\" style=\"padding-bottom:var(--wp--preset--spacing--80)\">\n<div class=\"wp-block-group has-global-padding is-layout-constrained wp-block-group-is-layout-constrained\" style=\"margin-top:0;margin-bottom:0\"><figure class=\"wp-block-post-featured-image\"><img loading=\"lazy\" decoding=\"async\" width=\"1909\" height=\"1909\" src=\"https:\/\/www.theaterniemandsland.ch\/wp-content\/uploads\/2021\/08\/verso-190926-7939.jpg\" class=\"attachment-post-thumbnail size-post-thumbnail wp-post-image\" alt=\"\" style=\"border-radius:4px;object-fit:cover;\" srcset=\"https:\/\/www.theaterniemandsland.ch\/wp-content\/uploads\/2021\/08\/verso-190926-7939.jpg 1909w, https:\/\/www.theaterniemandsland.ch\/wp-content\/uploads\/2021\/08\/verso-190926-7939-300x300.jpg 300w, https:\/\/www.theaterniemandsland.ch\/wp-content\/uploads\/2021\/08\/verso-190926-7939-1024x1024.jpg 1024w, https:\/\/www.theaterniemandsland.ch\/wp-content\/uploads\/2021\/08\/verso-190926-7939-150x150.jpg 150w, https:\/\/www.theaterniemandsland.ch\/wp-content\/uploads\/2021\/08\/verso-190926-7939-768x768.jpg 768w, https:\/\/www.theaterniemandsland.ch\/wp-content\/uploads\/2021\/08\/verso-190926-7939-1536x1536.jpg 1536w\" sizes=\"auto, (max-width: 1909px) 100vw, 1909px\" \/><\/figure>\n\n<h2 style=\"font-size:clamp(2.46rem, 2.46rem + ((1vw - 0.2rem) * 3.567), 4.6rem);font-style:normal;font-weight:600;line-height:1;\" class=\"has-link-color wp-elements-6c63676d444148112043a3d23d59cf70 wp-block-post-title has-text-color has-contrast-color\"><a href=\"https:\/\/www.theaterniemandsland.ch\/ar\/der-fischermann\/\" target=\"_self\" >\u0635\u064a\u0627\u062f \u0627\u0644\u0633\u0645\u0643<\/a><\/h2>\n\n<div style=\"line-height:1.7;\" class=\"wp-block-post-excerpt has-small-font-size\"><p class=\"wp-block-post-excerpt__excerpt\">Der Fischermann Text : Davide ManiscalcoPhotographer : Michael Waser, Audiovisual Producer Das Meer in der Nacht macht uns ganz klein.Es verwandelt uns in eine grosse Welleund wir Fischer, wir folgen dem Mond.Er fl\u00fcstert uns zu: Triff deine Wahl!Das Meer ist ein grosser Mund.Es verschlingt und spuckt ausGeschichten:Der Wind bringt uns das Salz der Geschichten. Alles&hellip; <\/p><\/div><\/div>\n<\/div>\n<\/div>\n\n<\/li><\/ul><\/div>\n\n\n\n<div class=\"wp-block-group has-global-padding is-content-justification-left is-layout-constrained wp-container-core-group-is-layout-9821ac42 wp-block-group-is-layout-constrained\" style=\"margin-top:0;margin-bottom:0;padding-top:0;padding-right:var(--wp--preset--spacing--40);padding-bottom:var(--wp--preset--spacing--40);padding-left:var(--wp--preset--spacing--40)\"><\/div>\n<\/div>","protected":false},"excerpt":{"rendered":"","protected":false},"author":1,"featured_media":0,"parent":0,"menu_order":0,"comment_status":"closed","ping_status":"closed","template":"","meta":{"footnotes":""},"class_list":["post-1170","page","type-page","status-publish","hentry"],"_links":{"self":[{"href":"https:\/\/www.theaterniemandsland.ch\/ar\/wp-json\/wp\/v2\/pages\/1170","targetHints":{"allow":["GET"]}}],"collection":[{"href":"https:\/\/www.theaterniemandsland.ch\/ar\/wp-json\/wp\/v2\/pages"}],"about":[{"href":"https:\/\/www.theaterniemandsland.ch\/ar\/wp-json\/wp\/v2\/types\/page"}],"author":[{"embeddable":true,"href":"https:\/\/www.theaterniemandsland.ch\/ar\/wp-json\/wp\/v2\/users\/1"}],"replies":[{"embeddable":true,"href":"https:\/\/www.theaterniemandsland.ch\/ar\/wp-json\/wp\/v2\/comments?post=1170"}],"version-history":[{"count":17,"href":"https:\/\/www.theaterniemandsland.ch\/ar\/wp-json\/wp\/v2\/pages\/1170\/revisions"}],"predecessor-version":[{"id":2472,"href":"https:\/\/www.theaterniemandsland.ch\/ar\/wp-json\/wp\/v2\/pages\/1170\/revisions\/2472"}],"wp:attachment":[{"href":"https:\/\/www.theaterniemandsland.ch\/ar\/wp-json\/wp\/v2\/media?parent=1170"}],"curies":[{"name":"wp","href":"https:\/\/api.w.org\/{rel}","templated":true}]}}